{"id":40,"date":"2024-05-13T20:39:58","date_gmt":"2024-05-13T18:39:58","guid":{"rendered":"https:\/\/spenglerei-vobo.de\/?page_id=40"},"modified":"2024-10-25T10:51:58","modified_gmt":"2024-10-25T08:51:58","slug":"vogl-und-stein-gmbh","status":"publish","type":"page","link":"https:\/\/spenglerei-vobo.de\/","title":{"rendered":"Vogl und Stein GmbH"},"content":{"rendered":"\t\t<div data-elementor-type=\"wp-page\" data-elementor-id=\"40\" class=\"elementor elementor-40\" data-elementor-post-type=\"page\">\n\t\t\t\t<div class=\"elementor-element elementor-element-43052be e-con-full elementor-hidden-tablet elementor-hidden-mobile e-flex e-con e-parent\" data-id=\"43052be\" data-element_type=\"container\" data-e-type=\"container\" data-settings=\"{&quot;background_background&quot;:&quot;classic&quot;}\">\n\t\t<div class=\"elementor-element elementor-element-83636bd e-con-full e-flex e-con e-child\" data-id=\"83636bd\" data-element_type=\"container\" data-e-type=\"container\">\n\t\t\t\t<\/div>\n\t\t<div class=\"elementor-element elementor-element-36de60b e-con-full e-flex e-con e-child\" data-id=\"36de60b\" data-element_type=\"container\" data-e-type=\"container\">\n\t\t\t\t<div class=\"elementor-element elementor-element-fd03bdc elementor-widget elementor-widget-heading\" data-id=\"fd03bdc\" data-element_type=\"widget\" data-e-type=\"widget\" data-widget_type=\"heading.default\">\n\t\t\t\t<div class=\"elementor-widget-container\">\n\t\t\t\t\t<h2 class=\"elementor-heading-title elementor-size-default\">Willkommen bei der <\/h2>\t\t\t\t<\/div>\n\t\t\t\t<\/div>\n\t\t\t\t<div class=\"elementor-element elementor-element-12b2a61 elementor-widget elementor-widget-heading\" data-id=\"12b2a61\" data-element_type=\"widget\" data-e-type=\"widget\" data-widget_type=\"heading.default\">\n\t\t\t\t<div class=\"elementor-widget-container\">\n\t\t\t\t\t<h2 class=\"elementor-heading-title elementor-size-default\">Vogl &amp; Stein<\/h2>\t\t\t\t<\/div>\n\t\t\t\t<\/div>\n\t\t\t\t<div class=\"elementor-element elementor-element-7103a9e elementor-widget elementor-widget-heading\" data-id=\"7103a9e\" data-element_type=\"widget\" data-e-type=\"widget\" data-widget_type=\"heading.default\">\n\t\t\t\t<div class=\"elementor-widget-container\">\n\t\t\t\t\t<h2 class=\"elementor-heading-title elementor-size-default\">GmbH<\/h2>\t\t\t\t<\/div>\n\t\t\t\t<\/div>\n\t\t\t\t<div class=\"elementor-element elementor-element-a4d9b54 elementor-widget elementor-widget-heading\" data-id=\"a4d9b54\" data-element_type=\"widget\" data-e-type=\"widget\" data-widget_type=\"heading.default\">\n\t\t\t\t<div class=\"elementor-widget-container\">\n\t\t\t\t\t<h2 class=\"elementor-heading-title elementor-size-default\">Ihr Spenglerei- und Dachdeckerbetrieb in F\u00fcrstenfeldbruck<\/h2>\t\t\t\t<\/div>\n\t\t\t\t<\/div>\n\t\t\t\t<\/div>\n\t\t<div class=\"elementor-element elementor-element-f920b85 e-con-full e-flex e-con e-child\" data-id=\"f920b85\" data-element_type=\"container\" data-e-type=\"container\">\n\t\t\t\t<\/div>\n\t\t\t\t<\/div>\n\t\t<div class=\"elementor-element elementor-element-5c6e8d3 elementor-hidden-desktop e-flex e-con-boxed e-con e-parent\" data-id=\"5c6e8d3\" data-element_type=\"container\" data-e-type=\"container\" data-settings=\"{&quot;background_background&quot;:&quot;classic&quot;}\">\n\t\t\t\t\t<div class=\"e-con-inner\">\n\t\t\t\t<div class=\"elementor-element elementor-element-3250f3d elementor-widget elementor-widget-heading\" data-id=\"3250f3d\" data-element_type=\"widget\" data-e-type=\"widget\" data-widget_type=\"heading.default\">\n\t\t\t\t<div class=\"elementor-widget-container\">\n\t\t\t\t\t<h2 class=\"elementor-heading-title elementor-size-default\">Willkommen bei der <\/h2>\t\t\t\t<\/div>\n\t\t\t\t<\/div>\n\t\t\t\t<div class=\"elementor-element elementor-element-3c1caaf elementor-widget elementor-widget-heading\" data-id=\"3c1caaf\" data-element_type=\"widget\" data-e-type=\"widget\" data-widget_type=\"heading.default\">\n\t\t\t\t<div class=\"elementor-widget-container\">\n\t\t\t\t\t<h2 class=\"elementor-heading-title elementor-size-default\">Vogl &amp; Stein<\/h2>\t\t\t\t<\/div>\n\t\t\t\t<\/div>\n\t\t\t\t<div class=\"elementor-element elementor-element-373c41d elementor-widget elementor-widget-heading\" data-id=\"373c41d\" data-element_type=\"widget\" data-e-type=\"widget\" data-widget_type=\"heading.default\">\n\t\t\t\t<div class=\"elementor-widget-container\">\n\t\t\t\t\t<h2 class=\"elementor-heading-title elementor-size-default\">GmbH<\/h2>\t\t\t\t<\/div>\n\t\t\t\t<\/div>\n\t\t\t\t<div class=\"elementor-element elementor-element-e815dbf elementor-widget elementor-widget-heading\" data-id=\"e815dbf\" data-element_type=\"widget\" data-e-type=\"widget\" data-widget_type=\"heading.default\">\n\t\t\t\t<div class=\"elementor-widget-container\">\n\t\t\t\t\t<h2 class=\"elementor-heading-title elementor-size-default\">Ihr Spenglerei- und Dachdeckerbetrieb in F\u00fcrstenfeldbruck<\/h2>\t\t\t\t<\/div>\n\t\t\t\t<\/div>\n\t\t\t\t\t<\/div>\n\t\t\t\t<\/div>\n\t\t<div class=\"elementor-element elementor-element-d871327 e-flex e-con-boxed e-con e-parent\" data-id=\"d871327\" data-element_type=\"container\" data-e-type=\"container\">\n\t\t\t\t\t<div class=\"e-con-inner\">\n\t\t\t\t<div class=\"elementor-element elementor-element-f52202d elementor-widget elementor-widget-spacer\" data-id=\"f52202d\" data-element_type=\"widget\" data-e-type=\"widget\" data-widget_type=\"spacer.default\">\n\t\t\t\t<div class=\"elementor-widget-container\">\n\t\t\t\t\t\t\t<div class=\"elementor-spacer\">\n\t\t\t<div class=\"elementor-spacer-inner\"><\/div>\n\t\t<\/div>\n\t\t\t\t\t\t<\/div>\n\t\t\t\t<\/div>\n\t\t\t\t<div class=\"elementor-element elementor-element-cea8083 elementor-widget elementor-widget-text-editor\" data-id=\"cea8083\" data-element_type=\"widget\" data-e-type=\"widget\" data-widget_type=\"text-editor.default\">\n\t\t\t\t<div class=\"elementor-widget-container\">\n\t\t\t\t\t\t\t\t\t<p>In Zugeh\u00f6rigkeit zur\u00a0 Handwerkskammer f\u00fcr M\u00fcnchen und Oberbayern, steht unser Unternehmen f\u00fcr h\u00f6chste Qualit\u00e4t und Professionalit\u00e4t. Wir betrachten Zuverl\u00e4ssigkeit nicht nur als einen Wert, sondern als unser Versprechen bei jeder Ausf\u00fchrung. Unsere Philosophie ist gepr\u00e4gt von einer tiefgreifenden und umfassenden Beratung sowie einer engagierten Betreuung, die \u00fcber den blo\u00dfen Abschluss hinausgeht &#8211; wir sind erst zufrieden, wenn Sie es sind.<\/p><p>Mit einem festen Fundament an handwerklichem K\u00f6nnen und langj\u00e4hriger Erfahrung bieten wir Ihnen eine Garantie f\u00fcr herausragende Leistungen. Jedes Projekt wird von uns mit h\u00f6chster Pr\u00e4zision und Sorgfalt ausgef\u00fchrt, wobei wir stets darauf bedacht sind, Ihre Erwartungen zu \u00fcbertreffen. Wir legen gro\u00dfen Wert auf Qualit\u00e4t in jeder Hinsicht &#8211; sei es in der Ausf\u00fchrung unserer Arbeit, in der Sauberkeit am Arbeitsplatz oder in der Einhaltung vereinbarter Termine. Ihr Vertrauen ist unser Antrieb, bis ins kleinste Detail f\u00fcr Sie das Beste zu leisten.<\/p>\t\t\t\t\t\t\t\t<\/div>\n\t\t\t\t<\/div>\n\t\t\t\t<div class=\"elementor-element elementor-element-12521f7 elementor-widget elementor-widget-spacer\" data-id=\"12521f7\" data-element_type=\"widget\" data-e-type=\"widget\" data-widget_type=\"spacer.default\">\n\t\t\t\t<div class=\"elementor-widget-container\">\n\t\t\t\t\t\t\t<div class=\"elementor-spacer\">\n\t\t\t<div class=\"elementor-spacer-inner\"><\/div>\n\t\t<\/div>\n\t\t\t\t\t\t<\/div>\n\t\t\t\t<\/div>\n\t\t\t\t<div class=\"elementor-element elementor-element-2df4c77 elementor-widget elementor-widget-text-editor\" data-id=\"2df4c77\" data-element_type=\"widget\" data-e-type=\"widget\" data-widget_type=\"text-editor.default\">\n\t\t\t\t<div class=\"elementor-widget-container\">\n\t\t\t\t\t\t\t\t\t<p>Wir bieten Ihnen auch gerne ein unverbindliches Beratungsgespr\u00e4ch direkt vor Ort an. Unser Meister kommt zu Ihnen, um sich ein genaues Bild von Ihrem Projekt zu machen und um die bestm\u00f6glichen L\u00f6sungen f\u00fcr Ihre Bed\u00fcrfnisse zu erarbeiten. Diese pers\u00f6nliche Beratung erm\u00f6glicht es uns, Ihre Anforderungen besser zu verstehen und Ihnen eine ma\u00dfgeschneiderte Beratung zu bieten. Nehmen Sie noch heute Kontakt mit uns auf, um einen Termin f\u00fcr Ihr pers\u00f6nliches Beratungsgespr\u00e4ch vor Ort zu vereinbaren. Wir freuen uns darauf, Ihnen bei der Verwirklichung Ihres Projekts zu helfen!<\/p>\t\t\t\t\t\t\t\t<\/div>\n\t\t\t\t<\/div>\n\t\t\t\t<div class=\"elementor-element elementor-element-973f565 elementor-widget elementor-widget-spacer\" data-id=\"973f565\" data-element_type=\"widget\" data-e-type=\"widget\" data-widget_type=\"spacer.default\">\n\t\t\t\t<div class=\"elementor-widget-container\">\n\t\t\t\t\t\t\t<div class=\"elementor-spacer\">\n\t\t\t<div class=\"elementor-spacer-inner\"><\/div>\n\t\t<\/div>\n\t\t\t\t\t\t<\/div>\n\t\t\t\t<\/div>\n\t\t\t\t<div class=\"elementor-element elementor-element-f8c64d3 elementor-align-center elementor-icon-list--layout-traditional elementor-list-item-link-full_width elementor-widget elementor-widget-icon-list\" data-id=\"f8c64d3\" data-element_type=\"widget\" data-e-type=\"widget\" data-widget_type=\"icon-list.default\">\n\t\t\t\t<div class=\"elementor-widget-container\">\n\t\t\t\t\t\t\t<ul class=\"elementor-icon-list-items\">\n\t\t\t\t\t\t\t<li class=\"elementor-icon-list-item\">\n\t\t\t\t\t\t\t\t\t\t\t<a href=\"mailto:info@spenglerei-vobo.de\">\n\n\t\t\t\t\t\t\t\t\t\t\t\t<span class=\"elementor-icon-list-icon\">\n\t\t\t\t\t\t\t<svg aria-hidden=\"true\" class=\"e-font-icon-svg e-fas-envelope-open-text\" viewBox=\"0 0 512 512\" xmlns=\"http:\/\/www.w3.org\/2000\/svg\"><path d=\"M176 216h160c8.84 0 16-7.16 16-16v-16c0-8.84-7.16-16-16-16H176c-8.84 0-16 7.16-16 16v16c0 8.84 7.16 16 16 16zm-16 80c0 8.84 7.16 16 16 16h160c8.84 0 16-7.16 16-16v-16c0-8.84-7.16-16-16-16H176c-8.84 0-16 7.16-16 16v16zm96 121.13c-16.42 0-32.84-5.06-46.86-15.19L0 250.86V464c0 26.51 21.49 48 48 48h416c26.51 0 48-21.49 48-48V250.86L302.86 401.94c-14.02 10.12-30.44 15.19-46.86 15.19zm237.61-254.18c-8.85-6.94-17.24-13.47-29.61-22.81V96c0-26.51-21.49-48-48-48h-77.55c-3.04-2.2-5.87-4.26-9.04-6.56C312.6 29.17 279.2-.35 256 0c-23.2-.35-56.59 29.17-73.41 41.44-3.17 2.3-6 4.36-9.04 6.56H96c-26.51 0-48 21.49-48 48v44.14c-12.37 9.33-20.76 15.87-29.61 22.81A47.995 47.995 0 0 0 0 200.72v10.65l96 69.35V96h320v184.72l96-69.35v-10.65c0-14.74-6.78-28.67-18.39-37.77z\"><\/path><\/svg>\t\t\t\t\t\t<\/span>\n\t\t\t\t\t\t\t\t\t\t<span class=\"elementor-icon-list-text\">info@spenglerei-vobo.de<\/span>\n\t\t\t\t\t\t\t\t\t\t\t<\/a>\n\t\t\t\t\t\t\t\t\t<\/li>\n\t\t\t\t\t\t\t\t<li class=\"elementor-icon-list-item\">\n\t\t\t\t\t\t\t\t\t\t\t<span class=\"elementor-icon-list-icon\">\n\t\t\t\t\t\t\t<svg aria-hidden=\"true\" class=\"e-font-icon-svg e-fas-phone-alt\" viewBox=\"0 0 512 512\" xmlns=\"http:\/\/www.w3.org\/2000\/svg\"><path d=\"M497.39 361.8l-112-48a24 24 0 0 0-28 6.9l-49.6 60.6A370.66 370.66 0 0 1 130.6 204.11l60.6-49.6a23.94 23.94 0 0 0 6.9-28l-48-112A24.16 24.16 0 0 0 122.6.61l-104 24A24 24 0 0 0 0 48c0 256.5 207.9 464 464 464a24 24 0 0 0 23.4-18.6l24-104a24.29 24.29 0 0 0-14.01-27.6z\"><\/path><\/svg>\t\t\t\t\t\t<\/span>\n\t\t\t\t\t\t\t\t\t\t<span class=\"elementor-icon-list-text\">+49 1515 5144188<\/span>\n\t\t\t\t\t\t\t\t\t<\/li>\n\t\t\t\t\t\t<\/ul>\n\t\t\t\t\t\t<\/div>\n\t\t\t\t<\/div>\n\t\t\t\t<div class=\"elementor-element elementor-element-01b85fb elementor-widget elementor-widget-spacer\" data-id=\"01b85fb\" data-element_type=\"widget\" data-e-type=\"widget\" data-widget_type=\"spacer.default\">\n\t\t\t\t<div class=\"elementor-widget-container\">\n\t\t\t\t\t\t\t<div class=\"elementor-spacer\">\n\t\t\t<div class=\"elementor-spacer-inner\"><\/div>\n\t\t<\/div>\n\t\t\t\t\t\t<\/div>\n\t\t\t\t<\/div>\n\t\t\t\t\t<\/div>\n\t\t\t\t<\/div>\n\t\t\t\t<\/div>\n\t\t","protected":false},"excerpt":{"rendered":"<p>Willkommen bei der Vogl &#038; Stein GmbH Ihr Spenglerei- und Dachdeckerbetrieb in F\u00fcrstenfeldbruck Willkommen bei der Vogl &#038; Stein GmbH Ihr Spenglerei- und Dachdeckerbetrieb in F\u00fcrstenfeldbruck In Zugeh\u00f6rigkeit zur\u00a0 Handwerkskammer f\u00fcr M\u00fcnchen und Oberbayern, steht unser Unternehmen f\u00fcr h\u00f6chste Qualit\u00e4t und Professionalit\u00e4t. Wir betrachten Zuverl\u00e4ssigkeit nicht nur als einen Wert, sondern als unser Versprechen bei [&hellip;]<\/p>\n","protected":false},"author":1,"featured_media":18,"parent":0,"menu_order":0,"comment_status":"closed","ping_status":"closed","template":"","meta":{"footnotes":""},"class_list":["post-40","page","type-page","status-publish","has-post-thumbnail","hentry"],"yoast_head":"<!-- This site is optimized with the Yoast SEO plugin v26.9 - https:\/\/yoast.com\/product\/yoast-seo-wordpress\/ -->\n<title>Vogl und Stein GmbH<\/title>\n<meta name=\"description\" content=\"Spenglerei und Dachdeckerei Vogl &amp; Stein bietet hochwertige Dienstleistungen und Projekte in den Bereichen Spenglerei und Dachdeckerei an.\" \/>\n<meta name=\"robots\" content=\"index, follow, max-snippet:-1, max-image-preview:large, max-video-preview:-1\" \/>\n<link rel=\"canonical\" href=\"https:\/\/spenglerei-vobo.de\/\" \/>\n<meta property=\"og:locale\" content=\"de_DE\" \/>\n<meta property=\"og:type\" content=\"article\" \/>\n<meta property=\"og:title\" content=\"Vogl und Stein GmbH\" \/>\n<meta property=\"og:description\" content=\"Spenglerei und Dachdeckerei Vogl &amp; Stein bietet hochwertige Dienstleistungen und Projekte in den Bereichen Spenglerei und Dachdeckerei an.\" \/>\n<meta property=\"og:url\" content=\"https:\/\/spenglerei-vobo.de\/\" \/>\n<meta property=\"og:site_name\" content=\"Vogl &amp; Stein\" \/>\n<meta property=\"article:modified_time\" content=\"2024-10-25T08:51:58+00:00\" \/>\n<meta property=\"og:image\" content=\"https:\/\/spenglerei-vobo.de\/wp-content\/uploads\/2024\/05\/Logo-Vogl-und-Stein-GmbH.webp\" \/>\n\t<meta property=\"og:image:width\" content=\"1004\" \/>\n\t<meta property=\"og:image:height\" content=\"650\" \/>\n\t<meta property=\"og:image:type\" content=\"image\/webp\" \/>\n<meta name=\"twitter:card\" content=\"summary_large_image\" \/>\n<meta name=\"twitter:label1\" content=\"Gesch\u00e4tzte Lesezeit\" \/>\n\t<meta name=\"twitter:data1\" content=\"2\u00a0Minuten\" \/>\n<script type=\"application\/ld+json\" class=\"yoast-schema-graph\">{\"@context\":\"https:\/\/schema.org\",\"@graph\":[{\"@type\":\"WebPage\",\"@id\":\"https:\/\/spenglerei-vobo.de\/\",\"url\":\"https:\/\/spenglerei-vobo.de\/\",\"name\":\"Vogl und Stein GmbH\",\"isPartOf\":{\"@id\":\"https:\/\/spenglerei-vobo.de\/#website\"},\"primaryImageOfPage\":{\"@id\":\"https:\/\/spenglerei-vobo.de\/#primaryimage\"},\"image\":{\"@id\":\"https:\/\/spenglerei-vobo.de\/#primaryimage\"},\"thumbnailUrl\":\"https:\/\/spenglerei-vobo.de\/wp-content\/uploads\/2024\/05\/Logo-Vogl-und-Stein-GmbH.webp\",\"datePublished\":\"2024-05-13T18:39:58+00:00\",\"dateModified\":\"2024-10-25T08:51:58+00:00\",\"description\":\"Spenglerei und Dachdeckerei Vogl & Stein bietet hochwertige Dienstleistungen und Projekte in den Bereichen Spenglerei und Dachdeckerei an.\",\"breadcrumb\":{\"@id\":\"https:\/\/spenglerei-vobo.de\/#breadcrumb\"},\"inLanguage\":\"de\",\"potentialAction\":[{\"@type\":\"ReadAction\",\"target\":[\"https:\/\/spenglerei-vobo.de\/\"]}]},{\"@type\":\"ImageObject\",\"inLanguage\":\"de\",\"@id\":\"https:\/\/spenglerei-vobo.de\/#primaryimage\",\"url\":\"https:\/\/spenglerei-vobo.de\/wp-content\/uploads\/2024\/05\/Logo-Vogl-und-Stein-GmbH.webp\",\"contentUrl\":\"https:\/\/spenglerei-vobo.de\/wp-content\/uploads\/2024\/05\/Logo-Vogl-und-Stein-GmbH.webp\",\"width\":1004,\"height\":650,\"caption\":\"Logo Vogl und Stein-GmbH\"},{\"@type\":\"BreadcrumbList\",\"@id\":\"https:\/\/spenglerei-vobo.de\/#breadcrumb\",\"itemListElement\":[{\"@type\":\"ListItem\",\"position\":1,\"name\":\"Startseite\",\"item\":\"https:\/\/spenglerei-vobo.de\/\"},{\"@type\":\"ListItem\",\"position\":2,\"name\":\"Vogl und Stein GmbH\"}]},{\"@type\":\"WebSite\",\"@id\":\"https:\/\/spenglerei-vobo.de\/#website\",\"url\":\"https:\/\/spenglerei-vobo.de\/\",\"name\":\"Vogl &amp; Stein\",\"description\":\"Spenglerei &amp; Dachdeckerei\",\"publisher\":{\"@id\":\"https:\/\/spenglerei-vobo.de\/#organization\"},\"potentialAction\":[{\"@type\":\"SearchAction\",\"target\":{\"@type\":\"EntryPoint\",\"urlTemplate\":\"https:\/\/spenglerei-vobo.de\/?s={search_term_string}\"},\"query-input\":{\"@type\":\"PropertyValueSpecification\",\"valueRequired\":true,\"valueName\":\"search_term_string\"}}],\"inLanguage\":\"de\"},{\"@type\":\"Organization\",\"@id\":\"https:\/\/spenglerei-vobo.de\/#organization\",\"name\":\"Vogl &amp; Stein\",\"url\":\"https:\/\/spenglerei-vobo.de\/\",\"logo\":{\"@type\":\"ImageObject\",\"inLanguage\":\"de\",\"@id\":\"https:\/\/spenglerei-vobo.de\/#\/schema\/logo\/image\/\",\"url\":\"https:\/\/spenglerei-vobo.de\/wp-content\/uploads\/2024\/05\/cropped-Logo-Vogl-und-Stein-GmbH-frei.webp\",\"contentUrl\":\"https:\/\/spenglerei-vobo.de\/wp-content\/uploads\/2024\/05\/cropped-Logo-Vogl-und-Stein-GmbH-frei.webp\",\"width\":835,\"height\":464,\"caption\":\"Vogl &amp; Stein\"},\"image\":{\"@id\":\"https:\/\/spenglerei-vobo.de\/#\/schema\/logo\/image\/\"}}]}<\/script>\n<!-- \/ Yoast SEO plugin. -->","yoast_head_json":{"title":"Vogl und Stein GmbH","description":"Spenglerei und Dachdeckerei Vogl & Stein bietet hochwertige Dienstleistungen und Projekte in den Bereichen Spenglerei und Dachdeckerei an.","robots":{"index":"index","follow":"follow","max-snippet":"max-snippet:-1","max-image-preview":"max-image-preview:large","max-video-preview":"max-video-preview:-1"},"canonical":"https:\/\/spenglerei-vobo.de\/","og_locale":"de_DE","og_type":"article","og_title":"Vogl und Stein GmbH","og_description":"Spenglerei und Dachdeckerei Vogl & Stein bietet hochwertige Dienstleistungen und Projekte in den Bereichen Spenglerei und Dachdeckerei an.","og_url":"https:\/\/spenglerei-vobo.de\/","og_site_name":"Vogl &amp; Stein","article_modified_time":"2024-10-25T08:51:58+00:00","og_image":[{"width":1004,"height":650,"url":"https:\/\/spenglerei-vobo.de\/wp-content\/uploads\/2024\/05\/Logo-Vogl-und-Stein-GmbH.webp","type":"image\/webp"}],"twitter_card":"summary_large_image","twitter_misc":{"Gesch\u00e4tzte Lesezeit":"2\u00a0Minuten"},"schema":{"@context":"https:\/\/schema.org","@graph":[{"@type":"WebPage","@id":"https:\/\/spenglerei-vobo.de\/","url":"https:\/\/spenglerei-vobo.de\/","name":"Vogl und Stein GmbH","isPartOf":{"@id":"https:\/\/spenglerei-vobo.de\/#website"},"primaryImageOfPage":{"@id":"https:\/\/spenglerei-vobo.de\/#primaryimage"},"image":{"@id":"https:\/\/spenglerei-vobo.de\/#primaryimage"},"thumbnailUrl":"https:\/\/spenglerei-vobo.de\/wp-content\/uploads\/2024\/05\/Logo-Vogl-und-Stein-GmbH.webp","datePublished":"2024-05-13T18:39:58+00:00","dateModified":"2024-10-25T08:51:58+00:00","description":"Spenglerei und Dachdeckerei Vogl & Stein bietet hochwertige Dienstleistungen und Projekte in den Bereichen Spenglerei und Dachdeckerei an.","breadcrumb":{"@id":"https:\/\/spenglerei-vobo.de\/#breadcrumb"},"inLanguage":"de","potentialAction":[{"@type":"ReadAction","target":["https:\/\/spenglerei-vobo.de\/"]}]},{"@type":"ImageObject","inLanguage":"de","@id":"https:\/\/spenglerei-vobo.de\/#primaryimage","url":"https:\/\/spenglerei-vobo.de\/wp-content\/uploads\/2024\/05\/Logo-Vogl-und-Stein-GmbH.webp","contentUrl":"https:\/\/spenglerei-vobo.de\/wp-content\/uploads\/2024\/05\/Logo-Vogl-und-Stein-GmbH.webp","width":1004,"height":650,"caption":"Logo Vogl und Stein-GmbH"},{"@type":"BreadcrumbList","@id":"https:\/\/spenglerei-vobo.de\/#breadcrumb","itemListElement":[{"@type":"ListItem","position":1,"name":"Startseite","item":"https:\/\/spenglerei-vobo.de\/"},{"@type":"ListItem","position":2,"name":"Vogl und Stein GmbH"}]},{"@type":"WebSite","@id":"https:\/\/spenglerei-vobo.de\/#website","url":"https:\/\/spenglerei-vobo.de\/","name":"Vogl &amp; Stein","description":"Spenglerei &amp; Dachdeckerei","publisher":{"@id":"https:\/\/spenglerei-vobo.de\/#organization"},"potentialAction":[{"@type":"SearchAction","target":{"@type":"EntryPoint","urlTemplate":"https:\/\/spenglerei-vobo.de\/?s={search_term_string}"},"query-input":{"@type":"PropertyValueSpecification","valueRequired":true,"valueName":"search_term_string"}}],"inLanguage":"de"},{"@type":"Organization","@id":"https:\/\/spenglerei-vobo.de\/#organization","name":"Vogl &amp; Stein","url":"https:\/\/spenglerei-vobo.de\/","logo":{"@type":"ImageObject","inLanguage":"de","@id":"https:\/\/spenglerei-vobo.de\/#\/schema\/logo\/image\/","url":"https:\/\/spenglerei-vobo.de\/wp-content\/uploads\/2024\/05\/cropped-Logo-Vogl-und-Stein-GmbH-frei.webp","contentUrl":"https:\/\/spenglerei-vobo.de\/wp-content\/uploads\/2024\/05\/cropped-Logo-Vogl-und-Stein-GmbH-frei.webp","width":835,"height":464,"caption":"Vogl &amp; Stein"},"image":{"@id":"https:\/\/spenglerei-vobo.de\/#\/schema\/logo\/image\/"}}]}},"_links":{"self":[{"href":"https:\/\/spenglerei-vobo.de\/index.php\/wp-json\/wp\/v2\/pages\/40","targetHints":{"allow":["GET"]}}],"collection":[{"href":"https:\/\/spenglerei-vobo.de\/index.php\/wp-json\/wp\/v2\/pages"}],"about":[{"href":"https:\/\/spenglerei-vobo.de\/index.php\/wp-json\/wp\/v2\/types\/page"}],"author":[{"embeddable":true,"href":"https:\/\/spenglerei-vobo.de\/index.php\/wp-json\/wp\/v2\/users\/1"}],"replies":[{"embeddable":true,"href":"https:\/\/spenglerei-vobo.de\/index.php\/wp-json\/wp\/v2\/comments?post=40"}],"version-history":[{"count":77,"href":"https:\/\/spenglerei-vobo.de\/index.php\/wp-json\/wp\/v2\/pages\/40\/revisions"}],"predecessor-version":[{"id":266,"href":"https:\/\/spenglerei-vobo.de\/index.php\/wp-json\/wp\/v2\/pages\/40\/revisions\/266"}],"wp:featuredmedia":[{"embeddable":true,"href":"https:\/\/spenglerei-vobo.de\/index.php\/wp-json\/wp\/v2\/media\/18"}],"wp:attachment":[{"href":"https:\/\/spenglerei-vobo.de\/index.php\/wp-json\/wp\/v2\/media?parent=40"}],"curies":[{"name":"wp","href":"https:\/\/api.w.org\/{rel}","templated":true}]}}